{"id":9,"date":"2017-10-27T20:30:09","date_gmt":"2017-10-27T20:30:09","guid":{"rendered":"https:\/\/demo.cocobasic.com\/colorius-wp\/?page_id=9"},"modified":"2025-07-07T11:21:09","modified_gmt":"2025-07-07T11:21:09","slug":"hizmetlerimiz","status":"publish","type":"page","link":"https:\/\/www.yastikmedya.com\/tr\/hizmetlerimiz\/","title":{"rendered":"Hizmetlerimiz"},"content":{"rendered":"\t\t<div data-elementor-type=\"wp-page\" data-elementor-id=\"9\" class=\"elementor elementor-9\" data-elementor-post-type=\"page\">\n\t\t\t\t\t\t<section class=\"elementor-section elementor-top-section elementor-element elementor-element-74e1c070 elementor-section-boxed elementor-section-height-default elementor-section-height-default\" data-id=\"74e1c070\" data-element_type=\"section\" data-e-type=\"section\" data-settings=\"{&quot;animation&quot;:&quot;none&quot;}\">\n\t\t\t\t\t\t<div class=\"elementor-container elementor-column-gap-default\">\n\t\t\t\t\t<div class=\"elementor-column elementor-col-100 elementor-top-column elementor-element elementor-element-1b24fcf3\" data-id=\"1b24fcf3\" data-element_type=\"column\" data-e-type=\"column\" data-settings=\"{&quot;animation&quot;:&quot;none&quot;}\">\n\t\t\t<div class=\"elementor-widget-wrap elementor-element-populated\">\n\t\t\t\t\t\t<div class=\"elementor-element elementor-element-46aca318 elementor-widget elementor-widget-text-editor\" data-id=\"46aca318\" data-element_type=\"widget\" data-e-type=\"widget\" data-settings=\"{&quot;_animation&quot;:&quot;none&quot;}\" data-widget_type=\"text-editor.default\">\n\t\t\t\t<div class=\"elementor-widget-container\">\n\t\t\t\t\t\t\t\t\t<p><div class = \"one_third \"> <br \/><div class=\"service-item relative \"><img decoding=\"async\" class=\"service-icon\" src=\"https:\/\/www.yastikmedya.com\/wp-content\/uploads\/2020\/01\/01-g\u00f6rsel-tasar\u0131m-yast\u0131k-medya-seo-ajans\u0131-icon_\u00c7al\u0131\u015fma-Y\u00fczeyi-1_\u00c7al\u0131\u015fma-Y\u00fczeyi-1.png\" alt=\"\"\/><p class=\"service-title\">G\u00f6rsel Tasar\u0131m<\/p><div class=\"service-content\"> <br \/>Marka kurumsal kimli\u011finize uygun g\u00f6rsel tasar\u0131mlar, m\u00fc\u015fterilerinizin sat\u0131n alma e\u011filimlerini ve etkile\u015fim isteklerini 20 kata kadar artt\u0131racakt\u0131r. <br \/><\/div><\/div> <br \/><\/div><\/p>\n<p><div class = \"one_third \"> <br \/><div class=\"service-item relative \"><img decoding=\"async\" class=\"service-icon\" src=\"https:\/\/www.yastikmedya.com\/wp-content\/uploads\/2020\/01\/02-sosyal-medya-Yast\u0131k-Medya-SEO-ajans\u0131-icon_\u00c7al\u0131\u015fma-Y\u00fczeyi-1_\u00c7al\u0131\u015fma-Y\u00fczeyi-1.png\" alt=\"\"\/><p class=\"service-title\">Sosyal Medya<\/p><div class=\"service-content\"> <br \/>G\u00fc\u00e7l\u00fc bir sosyal a\u011f y\u00f6netimi, markan\u0131z\u0131n daha kolay anla\u015f\u0131labilirli\u011fini sa\u011flar ve m\u00fc\u015fteriyle ba\u011f kurman\u0131n en etkili yoludur. <br \/><\/div><\/div> <br \/><\/div><\/p>\n<p><div class = \"one_third last \"> <br \/><div class=\"service-item relative \"><img decoding=\"async\" class=\"service-icon\" src=\"https:\/\/www.yastikmedya.com\/wp-content\/uploads\/2020\/01\/03-prod\u00fcksiyon-Yast\u0131k-Medya-SEO-Ajans\u0131-icon_\u00c7al\u0131\u015fma-Y\u00fczeyi-1_\u00c7al\u0131\u015fma-Y\u00fczeyi-1.png\" alt=\"\"\/><p class=\"service-title\">Prod\u00fcksiyon<\/p><div class=\"service-content\"> <br \/>Markan\u0131za uygun film tasar\u0131m\u0131n\u0131z\u0131 senaryo s\u00fcrecinden oyuncular\u0131n se\u00e7imine ve \u00e7ekim sonras\u0131 hizmetlerine kadar sizin i\u00e7in planl\u0131yoruz. <br \/><\/div><\/div> <br \/><\/div><div class = \"clear\"><\/div><\/p>\n<p><div class = \"one_third \"> <br \/><div class=\"service-item relative \"><img decoding=\"async\" class=\"service-icon\" src=\"https:\/\/www.yastikmedya.com\/wp-content\/uploads\/2020\/01\/04-Google-Adwords_\u00c7al\u0131\u015fma-Y\u00fczeyi-1.png\" alt=\"\"\/><p class=\"service-title\">Google Adwords<\/p><div class=\"service-content\"> <br \/>Hedef kitleniz \u00fcr\u00fcn ve hizmetlerinizi arad\u0131\u011f\u0131nda g\u00f6sterilen en etkili, ekonomik, esnek, \u00f6l\u00e7\u00fclebilir ve sonu\u00e7 odakl\u0131 reklam modelidir. <br \/><\/div><\/div> <br \/><\/div><\/p>\n<p><div class = \"one_third \"> <br \/><div class=\"service-item relative \"><img decoding=\"async\" class=\"service-icon\" src=\"https:\/\/www.yastikmedya.com\/wp-content\/uploads\/2020\/01\/05-SEM-SEO-Yast\u0131k-Medya-SEO-Ajans\u0131-icon_\u00c7al\u0131\u015fma-Y\u00fczeyi-1.png\" alt=\"\"\/><p class=\"service-title\">SEM ve SEO<\/p><div class=\"service-content\"> <br \/>Arama Motoru Optimizasyonu (SEO), arama motorlar\u0131na sitenizi do\u011fru anlatmakt\u0131r. Kullan\u0131c\u0131lar\u0131n\u0131z\u0131 d\u00fc\u015f\u00fcnerek ataca\u011f\u0131n\u0131z her ad\u0131m, sitenizin y\u00fckselmesini sa\u011flayacakt\u0131r. <br \/><\/div><\/div> <br \/><\/div><\/p>\n<p><div class = \"one_third last \"> <br \/><div class=\"service-item relative \"><img decoding=\"async\" class=\"service-icon\" src=\"https:\/\/www.yastikmedya.com\/wp-content\/uploads\/2020\/01\/06-Youtube-Kanal-Dan\u0131\u015fmanl\u0131\u011f\u0131-Yast\u0131k-Medya-SEO-Ajans\u0131_\u00c7al\u0131\u015fma-Y\u00fczeyi-1.png\" alt=\"\"\/><p class=\"service-title\">Youtube Kanal Dan\u0131\u015fmanl\u0131\u011f\u0131<\/p><div class=\"service-content\"> <br \/>D\u00fcnyan\u0131n en b\u00fcy\u00fck 2. arama motoru olan Youtube&#8217;da video i\u00e7erikler \u00fcreterek marka bilinirli\u011finizi artt\u0131rabilirsiniz. <br \/><\/div><\/div> <br \/><\/div><div class = \"clear\"><\/div><\/p>\n<p><div class = \"one_third \"> <br \/><div class=\"service-item relative \"><img decoding=\"async\" class=\"service-icon\" src=\"https:\/\/www.yastikmedya.com\/wp-content\/uploads\/2020\/01\/07-Google-Benim-\u0130\u015fletmem-Yast\u0131k-Medya-SEO-Ajans\u0131_\u00c7al\u0131\u015fma-Y\u00fczeyi-1.png\" alt=\"\"\/><p class=\"service-title\">Google Benim \u0130\u015fletmem<\/p><div class=\"service-content\"> <br \/>Firman\u0131z\u0131 Google Benim \u0130\u015fletmem hizmetine kay\u0131t ettirelim, m\u00fc\u015fterileriniz sizi arad\u0131\u011f\u0131nda her an her yerden ula\u015f\u0131labilir olun. <br \/><\/div><\/div> <br \/><\/div><\/p>\n<p><div class = \"one_third \"> <br \/><div class=\"service-item relative \"><img decoding=\"async\" class=\"service-icon\" src=\"https:\/\/www.yastikmedya.com\/wp-content\/uploads\/2020\/01\/08-Mobil-Uygulama-Geli\u015ftirme-Yast\u0131k-Medya-SEO-ajans\u0131-icon_\u00c7al\u0131\u015fma-Y\u00fczeyi-1.png\" alt=\"\"\/><p class=\"service-title\">Mobil Uygulama Geli\u015ftirme<\/p><div class=\"service-content\"> <br \/>Ki\u015fisel dijital yard\u0131mc\u0131lar, kurumsal dijital yard\u0131mc\u0131lar veya cep telefonlar\u0131 gibi mobil cihazlar i\u00e7in bir mobil uygulaman\u0131n geli\u015ftirildi\u011fi eylem veya s\u00fcre\u00e7tir. Yast\u0131k Medya ile dijital \u00e7a\u011fa yeni nesil giri\u015f yap\u0131n. <br \/><\/div><\/div> <br \/><\/div><\/p>\n<p><div class = \"one_third last \"> <br \/><div class=\"service-item relative \"><img decoding=\"async\" class=\"service-icon\" src=\"https:\/\/www.yastikmedya.com\/wp-content\/uploads\/2020\/01\/09-Animasyon-After-Effect-yast\u0131k-medya-SEO-ajans\u0131-icon_\u00c7al\u0131\u015fma-Y\u00fczeyi-1.png\" alt=\"\"\/><p class=\"service-title\">2D Animasyon<\/p><div class=\"service-content\"> <br \/>G\u00fcn\u00fcm\u00fcz\u00fcn en efektif ileti\u015fim ara\u00e7lar\u0131ndan biridir. Hedef kitle taraf\u0131ndan kolay anla\u015f\u0131labilir i\u00e7erikler yeni nesil kitleyi de oda\u011f\u0131na \u00e7ekerek reklamlar\u0131 daha ak\u0131lda kal\u0131c\u0131 hale getiriyor. <br \/><\/div><\/div> <br \/><\/div><div class = \"clear\"><\/div><\/p>\n<p><!-- \/wp:shortcode --><\/p>\t\t\t\t\t\t\t\t<\/div>\n\t\t\t\t<\/div>\n\t\t\t\t\t<\/div>\n\t\t<\/div>\n\t\t\t\t\t<\/div>\n\t\t<\/section>\n\t\t\t\t<\/div>\n\t\t","protected":false},"excerpt":{"rendered":"","protected":false},"author":2,"featured_media":0,"parent":0,"menu_order":2,"comment_status":"closed","ping_status":"closed","template":"page-split.php","meta":{"footnotes":""},"class_list":["post-9","page","type-page","status-publish","hentry"],"_links":{"self":[{"href":"https:\/\/www.yastikmedya.com\/tr\/wp-json\/wp\/v2\/pages\/9","targetHints":{"allow":["GET"]}}],"collection":[{"href":"https:\/\/www.yastikmedya.com\/tr\/wp-json\/wp\/v2\/pages"}],"about":[{"href":"https:\/\/www.yastikmedya.com\/tr\/wp-json\/wp\/v2\/types\/page"}],"author":[{"embeddable":true,"href":"https:\/\/www.yastikmedya.com\/tr\/wp-json\/wp\/v2\/users\/2"}],"replies":[{"embeddable":true,"href":"https:\/\/www.yastikmedya.com\/tr\/wp-json\/wp\/v2\/comments?post=9"}],"version-history":[{"count":41,"href":"https:\/\/www.yastikmedya.com\/tr\/wp-json\/wp\/v2\/pages\/9\/revisions"}],"predecessor-version":[{"id":987,"href":"https:\/\/www.yastikmedya.com\/tr\/wp-json\/wp\/v2\/pages\/9\/revisions\/987"}],"wp:attachment":[{"href":"https:\/\/www.yastikmedya.com\/tr\/wp-json\/wp\/v2\/media?parent=9"}],"curies":[{"name":"wp","href":"https:\/\/api.w.org\/{rel}","templated":true}]}}