{"id":77,"date":"2017-11-06T20:04:01","date_gmt":"2017-11-06T20:04:01","guid":{"rendered":"https:\/\/demo.cocobasic.com\/colorius-wp\/?page_id=77"},"modified":"2025-11-17T01:12:08","modified_gmt":"2025-11-17T01:12:08","slug":"projelerimiz","status":"publish","type":"page","link":"https:\/\/www.yastikmedya.com\/tr\/projelerimiz\/","title":{"rendered":"Projelerimiz"},"content":{"rendered":"<div id=\"portfolio-wrapper\"><div class=\"portfolio-load-content-holder\"><\/div><div class=\"grid\" id=\"portfolio-grid\"><div class=\"gutter-sizer\"><\/div><div class=\"grid-sizer\"><\/div><div id=\"p-item-88\" class=\"grid-item element-item p_one\"><a class=\"item-link ajax-portfolio\" href=\"https:\/\/www.yastikmedya.com\/tr\/portfolio\/sosyal-medya\/\" data-id=\"88\"><img fetchpriority=\"high\" decoding=\"async\" width=\"1200\" height=\"675\" src=\"https:\/\/www.yastikmedya.com\/wp-content\/uploads\/2017\/11\/HB-Dijital-Bask\u0131-ve-Reklam-Yast\u0131k-Medya-SEO-Ajans\u0131-Mocap-web-tasar\u0131m.jpg\" class=\"attachment-post-thumbnail size-post-thumbnail wp-post-image\" alt=\"\" srcset=\"https:\/\/www.yastikmedya.com\/wp-content\/uploads\/2017\/11\/HB-Dijital-Bask\u0131-ve-Reklam-Yast\u0131k-Medya-SEO-Ajans\u0131-Mocap-web-tasar\u0131m.jpg 1200w, https:\/\/www.yastikmedya.com\/wp-content\/uploads\/2017\/11\/HB-Dijital-Bask\u0131-ve-Reklam-Yast\u0131k-Medya-SEO-Ajans\u0131-Mocap-web-tasar\u0131m-300x169.jpg 300w, https:\/\/www.yastikmedya.com\/wp-content\/uploads\/2017\/11\/HB-Dijital-Bask\u0131-ve-Reklam-Yast\u0131k-Medya-SEO-Ajans\u0131-Mocap-web-tasar\u0131m-1024x576.jpg 1024w, https:\/\/www.yastikmedya.com\/wp-content\/uploads\/2017\/11\/HB-Dijital-Bask\u0131-ve-Reklam-Yast\u0131k-Medya-SEO-Ajans\u0131-Mocap-web-tasar\u0131m-768x432.jpg 768w\" sizes=\"(max-width: 1200px) 100vw, 1200px\" \/><div class=\"portfolio-text-holder\"><p class=\"portfolio-title\">PROJE #1<\/p><p class=\"portfolio-desc\">HB Dijital Bask\u0131 ve Reklam<\/p><\/div><p class=\"portfolio-plus\"><img decoding=\"async\" src=\"https:\/\/www.yastikmedya.com\/wp-content\/plugins\/cocobasic-shortcode\/\/images\/icon_plus.png\" alt=\"\" \/><\/p><\/a><\/div><div id=\"p-item-84\" class=\"grid-item element-item p_one_half\"><a class=\"item-link ajax-portfolio\" href=\"https:\/\/www.yastikmedya.com\/tr\/portfolio\/video-produksiyon\/\" data-id=\"84\"><img decoding=\"async\" width=\"380\" height=\"380\" src=\"https:\/\/www.yastikmedya.com\/wp-content\/uploads\/2017\/11\/film-prod\u00fcksiyon-yast\u0131k-medya-seo-ajans\u0131-i\u015fler-hakk\u0131m\u0131zda-2.webp\" class=\"attachment-post-thumbnail size-post-thumbnail wp-post-image\" alt=\"\" srcset=\"https:\/\/www.yastikmedya.com\/wp-content\/uploads\/2017\/11\/film-prod\u00fcksiyon-yast\u0131k-medya-seo-ajans\u0131-i\u015fler-hakk\u0131m\u0131zda-2.webp 380w, https:\/\/www.yastikmedya.com\/wp-content\/uploads\/2017\/11\/film-prod\u00fcksiyon-yast\u0131k-medya-seo-ajans\u0131-i\u015fler-hakk\u0131m\u0131zda-2-300x300.webp 300w, https:\/\/www.yastikmedya.com\/wp-content\/uploads\/2017\/11\/film-prod\u00fcksiyon-yast\u0131k-medya-seo-ajans\u0131-i\u015fler-hakk\u0131m\u0131zda-2-150x150.webp 150w\" sizes=\"(max-width: 380px) 100vw, 380px\" \/><div class=\"portfolio-text-holder\"><p class=\"portfolio-title\">PROJE #2<\/p><p class=\"portfolio-desc\">Bigist Invest <\/p><\/div><p class=\"portfolio-plus\"><img decoding=\"async\" src=\"https:\/\/www.yastikmedya.com\/wp-content\/plugins\/cocobasic-shortcode\/\/images\/icon_plus.png\" alt=\"\" \/><\/p><\/a><\/div><div id=\"p-item-86\" class=\"grid-item element-item p_one_half\"><a class=\"item-link ajax-portfolio\" href=\"https:\/\/www.yastikmedya.com\/tr\/portfolio\/tumu\/\" data-id=\"86\"><img decoding=\"async\" width=\"380\" height=\"380\" src=\"https:\/\/www.yastikmedya.com\/wp-content\/uploads\/2017\/10\/item_10.jpg\" class=\"attachment-post-thumbnail size-post-thumbnail wp-post-image\" alt=\"\" srcset=\"https:\/\/www.yastikmedya.com\/wp-content\/uploads\/2017\/10\/item_10.jpg 380w, https:\/\/www.yastikmedya.com\/wp-content\/uploads\/2017\/10\/item_10-300x300.jpg 300w, https:\/\/www.yastikmedya.com\/wp-content\/uploads\/2017\/10\/item_10-150x150.jpg 150w\" sizes=\"(max-width: 380px) 100vw, 380px\" \/><div class=\"portfolio-text-holder\"><p class=\"portfolio-title\">PROJE #3<\/p><p class=\"portfolio-desc\">Cepte Tamir <\/p><\/div><p class=\"portfolio-plus\"><img decoding=\"async\" src=\"https:\/\/www.yastikmedya.com\/wp-content\/plugins\/cocobasic-shortcode\/\/images\/icon_plus.png\" alt=\"\" \/><\/p><\/a><\/div><div id=\"p-item-628\" class=\"grid-item element-item p_one_half\"><a class=\"item-link ajax-portfolio\" href=\"https:\/\/www.yastikmedya.com\/tr\/portfolio\/youtube\/\" data-id=\"628\"><img loading=\"lazy\" decoding=\"async\" width=\"380\" height=\"380\" src=\"https:\/\/www.yastikmedya.com\/wp-content\/uploads\/2017\/10\/item_08.jpg\" class=\"attachment-post-thumbnail size-post-thumbnail wp-post-image\" alt=\"\" srcset=\"https:\/\/www.yastikmedya.com\/wp-content\/uploads\/2017\/10\/item_08.jpg 380w, https:\/\/www.yastikmedya.com\/wp-content\/uploads\/2017\/10\/item_08-300x300.jpg 300w, https:\/\/www.yastikmedya.com\/wp-content\/uploads\/2017\/10\/item_08-150x150.jpg 150w\" sizes=\"(max-width: 380px) 100vw, 380px\" \/><div class=\"portfolio-text-holder\"><p class=\"portfolio-title\">PROJE#4<\/p><p class=\"portfolio-desc\">R\u00fcya Okulu | Buket Tibet | Zeynep Bayraktaro\u011flu | \u0130dris \u00dcmit E\u011frice<\/p><\/div><p class=\"portfolio-plus\"><img decoding=\"async\" src=\"https:\/\/www.yastikmedya.com\/wp-content\/plugins\/cocobasic-shortcode\/\/images\/icon_plus.png\" alt=\"\" \/><\/p><\/a><\/div><div id=\"p-item-642\" class=\"grid-item element-item p_one_half\"><a class=\"item-link ajax-portfolio\" href=\"https:\/\/www.yastikmedya.com\/tr\/portfolio\/post-tasarimi\/\" data-id=\"642\"><img loading=\"lazy\" decoding=\"async\" width=\"380\" height=\"380\" src=\"https:\/\/www.yastikmedya.com\/wp-content\/uploads\/2017\/11\/item_02.jpg\" class=\"attachment-post-thumbnail size-post-thumbnail wp-post-image\" alt=\"\" srcset=\"https:\/\/www.yastikmedya.com\/wp-content\/uploads\/2017\/11\/item_02.jpg 380w, https:\/\/www.yastikmedya.com\/wp-content\/uploads\/2017\/11\/item_02-300x300.jpg 300w, https:\/\/www.yastikmedya.com\/wp-content\/uploads\/2017\/11\/item_02-150x150.jpg 150w\" sizes=\"(max-width: 380px) 100vw, 380px\" \/><div class=\"portfolio-text-holder\"><p class=\"portfolio-title\">PROJE #5<\/p><p class=\"portfolio-desc\">Amorium Hotel | Bah\u00e7e\u015fehir \u00dcniversitesi | Bionluk Kurumsal | Potensas<\/p><\/div><p class=\"portfolio-plus\"><img decoding=\"async\" src=\"https:\/\/www.yastikmedya.com\/wp-content\/plugins\/cocobasic-shortcode\/\/images\/icon_plus.png\" alt=\"\" \/><\/p><\/a><\/div><\/div><div class=\"clear\"><\/div><\/div><div class = \"block center-relative center-text more-posts-portfolio-holder\"><a target = \"_self\" class = \"more-posts-portfolio\"><img decoding=\"async\" src=\"https:\/\/www.yastikmedya.com\/wp-content\/plugins\/cocobasic-shortcode\/\/images\/icon_plus.png\" alt=\"\" \/><\/a><a class = \"more-posts-portfolio-loading\"><img decoding=\"async\" src=\"https:\/\/www.yastikmedya.com\/wp-content\/plugins\/cocobasic-shortcode\/\/images\/icon_plus.png\" alt=\"\" \/><\/a><a class = \"no-more-posts-portfolio\"><img decoding=\"async\" src=\"https:\/\/www.yastikmedya.com\/wp-content\/plugins\/cocobasic-shortcode\/\/images\/icon_plus.png\" alt=\"\" \/><\/a><\/div>\n\n\n\n<figure class=\"wp-block-embed is-type-video is-provider-vimeo wp-block-embed-vimeo wp-embed-aspect-16-9 wp-has-aspect-ratio\"><div class=\"wp-block-embed__wrapper\">\n<iframe title=\"Yarat\u0131c\u0131 Prod\u00fcksiyon Hizmeti | Yast\u0131k Medya SEO Ajans\u0131\" src=\"https:\/\/player.vimeo.com\/video\/393902211?dnt=1&amp;app_id=122963\" width=\"1070\" height=\"602\" frameborder=\"0\" allow=\"autoplay; fullscreen; picture-in-picture; clipboard-write; encrypted-media; web-share\" referrerpolicy=\"strict-origin-when-cross-origin\"><\/iframe>\n<\/div><\/figure>\n\n\n\n<div style=\"height:40px\" aria-hidden=\"true\" class=\"wp-block-spacer\"><\/div>\n\n\n\n<p class=\"has-text-align-center\">Yast\u0131k Medya&#8217;n\u0131n Patentli Alt Markas\u0131 Postun Haz\u0131r \u0130le T\u00fcm Markala\u015fma S\u00fcre\u00e7lerinizi H\u0131zl\u0131ca Ger\u00e7ekle\u015ftirebilirsiniz. A\u015fa\u011f\u0131daki Linkten<strong><em> #instagram<\/em><\/strong> Hesab\u0131na Eri\u015febilir, Hemen DM&#8217;den \u0130leti\u015fime Ge\u00e7ebilirsiniz. <\/p>\n\n\n\n<div class=\"wp-block-buttons is-content-justification-center is-layout-flex wp-container-core-buttons-is-layout-16018d1d wp-block-buttons-is-layout-flex\">\n<div class=\"wp-block-button\"><a class=\"wp-block-button__link has-vivid-cyan-blue-background-color has-background has-small-font-size has-custom-font-size wp-element-button\" href=\"https:\/\/www.instagram.com\/postunhazir\/\" style=\"font-style:normal;font-weight:800\" target=\"_blank\" rel=\"noreferrer noopener\">@postunhazir | G\u00f6rsel Tasar\u0131m Sipari\u015f Et!<\/a><\/div>\n<\/div>\n","protected":false},"excerpt":{"rendered":"<p>Yast\u0131k Medya&#8217;n\u0131n Patentli Alt Markas\u0131 Postun Haz\u0131r \u0130le T\u00fcm Markala\u015fma S\u00fcre\u00e7lerinizi H\u0131zl\u0131ca Ger\u00e7ekle\u015ftirebilirsiniz. A\u015fa\u011f\u0131daki Linkten #instagram Hesab\u0131na Eri\u015febilir, Hemen DM&#8217;den &#8230;<\/p>\n","protected":false},"author":2,"featured_media":0,"parent":0,"menu_order":4,"comment_status":"closed","ping_status":"closed","template":"page-split.php","meta":{"footnotes":""},"class_list":["post-77","page","type-page","status-publish","hentry"],"_links":{"self":[{"href":"https:\/\/www.yastikmedya.com\/tr\/wp-json\/wp\/v2\/pages\/77","targetHints":{"allow":["GET"]}}],"collection":[{"href":"https:\/\/www.yastikmedya.com\/tr\/wp-json\/wp\/v2\/pages"}],"about":[{"href":"https:\/\/www.yastikmedya.com\/tr\/wp-json\/wp\/v2\/types\/page"}],"author":[{"embeddable":true,"href":"https:\/\/www.yastikmedya.com\/tr\/wp-json\/wp\/v2\/users\/2"}],"replies":[{"embeddable":true,"href":"https:\/\/www.yastikmedya.com\/tr\/wp-json\/wp\/v2\/comments?post=77"}],"version-history":[{"count":8,"href":"https:\/\/www.yastikmedya.com\/tr\/wp-json\/wp\/v2\/pages\/77\/revisions"}],"predecessor-version":[{"id":1210,"href":"https:\/\/www.yastikmedya.com\/tr\/wp-json\/wp\/v2\/pages\/77\/revisions\/1210"}],"wp:attachment":[{"href":"https:\/\/www.yastikmedya.com\/tr\/wp-json\/wp\/v2\/media?parent=77"}],"curies":[{"name":"wp","href":"https:\/\/api.w.org\/{rel}","templated":true}]}}