{"id":9,"date":"2017-10-27T20:30:09","date_gmt":"2017-10-27T20:30:09","guid":{"rendered":"https:\/\/demo.cocobasic.com\/colorius-wp\/?page_id=9"},"modified":"2025-07-07T11:21:09","modified_gmt":"2025-07-07T11:21:09","slug":"hizmetlerimiz","status":"publish","type":"page","link":"https:\/\/www.yastikmedya.com\/en\/hizmetlerimiz\/","title":{"rendered":"Our Services"},"content":{"rendered":"<div data-elementor-type=\"wp-page\" data-elementor-id=\"9\" class=\"elementor elementor-9\" data-elementor-post-type=\"page\">\n\t\t\t\t\t\t<section class=\"elementor-section elementor-top-section elementor-element elementor-element-74e1c070 elementor-section-boxed elementor-section-height-default elementor-section-height-default\" data-id=\"74e1c070\" data-element_type=\"section\" data-e-type=\"section\" data-settings=\"{&quot;animation&quot;:&quot;none&quot;}\">\n\t\t\t\t\t\t<div class=\"elementor-container elementor-column-gap-default\">\n\t\t\t\t\t<div class=\"elementor-column elementor-col-100 elementor-top-column elementor-element elementor-element-1b24fcf3\" data-id=\"1b24fcf3\" data-element_type=\"column\" data-e-type=\"column\" data-settings=\"{&quot;animation&quot;:&quot;none&quot;}\">\n\t\t\t<div class=\"elementor-widget-wrap elementor-element-populated\">\n\t\t\t\t\t\t<div class=\"elementor-element elementor-element-46aca318 elementor-widget elementor-widget-text-editor\" data-id=\"46aca318\" data-element_type=\"widget\" data-e-type=\"widget\" data-settings=\"{&quot;_animation&quot;:&quot;none&quot;}\" data-widget_type=\"text-editor.default\">\n\t\t\t\t<div class=\"elementor-widget-container\">\n\t\t\t\t\t\t\t\t\t<p><div class = \"one_third\"> <br \/><div class=\"service-item relative\"><img decoding=\"async\" class=\"service-icon\" src=\"https:\/\/www.yastikmedya.com\/wp-content\/uploads\/2020\/01\/01-g\u00f6rsel-tasar\u0131m-yast\u0131k-medya-seo-ajans\u0131-icon_\u00c7al\u0131\u015fma-Y\u00fczeyi-1_\u00c7al\u0131\u015fma-Y\u00fczeyi-1.png\" alt=\"\"\/><p class=\"service-title\">Visual Design<\/p><div class=\"service-content\"> <br \/>Visual designs suitable for your brand corporate identity will increase your customers' purchasing tendencies and interaction requests up to 20 times. <br \/><\/div><\/div> <br \/><\/div><\/p>\n<p><div class = \"one_third\"> <br \/><div class=\"service-item relative\"><img decoding=\"async\" class=\"service-icon\" src=\"https:\/\/www.yastikmedya.com\/wp-content\/uploads\/2020\/01\/02-sosyal-medya-Yast\u0131k-Medya-SEO-ajans\u0131-icon_\u00c7al\u0131\u015fma-Y\u00fczeyi-1_\u00c7al\u0131\u015fma-Y\u00fczeyi-1.png\" alt=\"\"\/><p class=\"service-title\">Social Media<\/p><div class=\"service-content\"> <br \/>A strong social network management makes your brand easier to understand and is the most effective way to connect with the customer. <br \/><\/div><\/div> <br \/><\/div><\/p>\n<p><div class = \"one_third last\"> <br \/><div class=\"service-item relative\"><img decoding=\"async\" class=\"service-icon\" src=\"https:\/\/www.yastikmedya.com\/wp-content\/uploads\/2020\/01\/03-prod\u00fcksiyon-Yast\u0131k-Medya-SEO-Ajans\u0131-icon_\u00c7al\u0131\u015fma-Y\u00fczeyi-1_\u00c7al\u0131\u015fma-Y\u00fczeyi-1.png\" alt=\"\"\/><p class=\"service-title\">Production<\/p><div class=\"service-content\"> <br \/>We plan your film design suitable for your brand from the script process to the selection of actors and post-shooting services. <br \/><\/div><\/div> <br \/><\/div><div class = \"clear\"><\/div><\/p>\n<p><div class = \"one_third\"> <br \/><div class=\"service-item relative\"><img decoding=\"async\" class=\"service-icon\" src=\"https:\/\/www.yastikmedya.com\/wp-content\/uploads\/2020\/01\/04-Google-Adwords_\u00c7al\u0131\u015fma-Y\u00fczeyi-1.png\" alt=\"\"\/><p class=\"service-title\">Google Adwords<\/p><div class=\"service-content\"> <br \/>It is the most effective, economical, flexible, measurable and result-oriented advertising model that is shown when your target audience searches for your products and services. <br \/><\/div><\/div> <br \/><\/div><\/p>\n<p><div class = \"one_third\"> <br \/><div class=\"service-item relative\"><img decoding=\"async\" class=\"service-icon\" src=\"https:\/\/www.yastikmedya.com\/wp-content\/uploads\/2020\/01\/05-SEM-SEO-Yast\u0131k-Medya-SEO-Ajans\u0131-icon_\u00c7al\u0131\u015fma-Y\u00fczeyi-1.png\" alt=\"\"\/><p class=\"service-title\">SEM and SEO<\/p><div class=\"service-content\"> <br \/>Search Engine Optimisation (SEO) is to tell search engines about your site correctly. Every step you take by thinking about your users will ensure that your site will rise. <br \/><\/div><\/div> <br \/><\/div><\/p>\n<p><div class = \"one_third last\"> <br \/><div class=\"service-item relative\"><img decoding=\"async\" class=\"service-icon\" src=\"https:\/\/www.yastikmedya.com\/wp-content\/uploads\/2020\/01\/06-Youtube-Kanal-Dan\u0131\u015fmanl\u0131\u011f\u0131-Yast\u0131k-Medya-SEO-Ajans\u0131_\u00c7al\u0131\u015fma-Y\u00fczeyi-1.png\" alt=\"\"\/><p class=\"service-title\">Youtube Channel Consultancy<\/p><div class=\"service-content\"> <br \/>You can increase your brand awareness by producing video content on Youtube, the world's 2nd largest search engine. <br \/><\/div><\/div> <br \/><\/div><div class = \"clear\"><\/div><\/p>\n<p><div class = \"one_third\"> <br \/><div class=\"service-item relative\"><img decoding=\"async\" class=\"service-icon\" src=\"https:\/\/www.yastikmedya.com\/wp-content\/uploads\/2020\/01\/07-Google-Benim-\u0130\u015fletmem-Yast\u0131k-Medya-SEO-Ajans\u0131_\u00c7al\u0131\u015fma-Y\u00fczeyi-1.png\" alt=\"\"\/><p class=\"service-title\">Google My Business<\/p><div class=\"service-content\"> <br \/>Let's register your company to Google My Business service, be accessible from anywhere at any time when your customers call you. <br \/><\/div><\/div> <br \/><\/div><\/p>\n<p><div class = \"one_third\"> <br \/><div class=\"service-item relative\"><img decoding=\"async\" class=\"service-icon\" src=\"https:\/\/www.yastikmedya.com\/wp-content\/uploads\/2020\/01\/08-Mobil-Uygulama-Geli\u015ftirme-Yast\u0131k-Medya-SEO-ajans\u0131-icon_\u00c7al\u0131\u015fma-Y\u00fczeyi-1.png\" alt=\"\"\/><p class=\"service-title\">Mobile Application Development<\/p><div class=\"service-content\"> <br \/>It is the action or process by which a mobile application is developed for personal digital assistants, corporate digital assistants or mobile devices such as mobile phones. Enter the digital age with a new generation with Pillow Media. <br \/><\/div><\/div> <br \/><\/div><\/p>\n<p><div class = \"one_third last\"> <br \/><div class=\"service-item relative\"><img decoding=\"async\" class=\"service-icon\" src=\"https:\/\/www.yastikmedya.com\/wp-content\/uploads\/2020\/01\/09-Animasyon-After-Effect-yast\u0131k-medya-SEO-ajans\u0131-icon_\u00c7al\u0131\u015fma-Y\u00fczeyi-1.png\" alt=\"\"\/><p class=\"service-title\">2D Animation<\/p><div class=\"service-content\"> <br \/>It is one of the most effective communication tools of today. Content that is easily understandable by the target audience focuses the new generation audience and makes the adverts more memorable. <br \/><\/div><\/div> <br \/><\/div><div class = \"clear\"><\/div><\/p>\n<p><!-- \/wp:shortcode --><\/p>\t\t\t\t\t\t\t\t<\/div>\n\t\t\t\t<\/div>\n\t\t\t\t\t<\/div>\n\t\t<\/div>\n\t\t\t\t\t<\/div>\n\t\t<\/section>\n\t\t\t\t<\/div>","protected":false},"excerpt":{"rendered":"","protected":false},"author":2,"featured_media":0,"parent":0,"menu_order":2,"comment_status":"closed","ping_status":"closed","template":"page-split.php","meta":{"footnotes":""},"class_list":["post-9","page","type-page","status-publish","hentry"],"_links":{"self":[{"href":"https:\/\/www.yastikmedya.com\/en\/wp-json\/wp\/v2\/pages\/9","targetHints":{"allow":["GET"]}}],"collection":[{"href":"https:\/\/www.yastikmedya.com\/en\/wp-json\/wp\/v2\/pages"}],"about":[{"href":"https:\/\/www.yastikmedya.com\/en\/wp-json\/wp\/v2\/types\/page"}],"author":[{"embeddable":true,"href":"https:\/\/www.yastikmedya.com\/en\/wp-json\/wp\/v2\/users\/2"}],"replies":[{"embeddable":true,"href":"https:\/\/www.yastikmedya.com\/en\/wp-json\/wp\/v2\/comments?post=9"}],"version-history":[{"count":41,"href":"https:\/\/www.yastikmedya.com\/en\/wp-json\/wp\/v2\/pages\/9\/revisions"}],"predecessor-version":[{"id":987,"href":"https:\/\/www.yastikmedya.com\/en\/wp-json\/wp\/v2\/pages\/9\/revisions\/987"}],"wp:attachment":[{"href":"https:\/\/www.yastikmedya.com\/en\/wp-json\/wp\/v2\/media?parent=9"}],"curies":[{"name":"wp","href":"https:\/\/api.w.org\/{rel}","templated":true}]}}